{"id":966,"date":"2024-07-22T17:09:53","date_gmt":"2024-07-22T15:09:53","guid":{"rendered":"https:\/\/tblcoach.ch\/check-up\/"},"modified":"2024-09-30T12:32:37","modified_gmt":"2024-09-30T10:32:37","slug":"check-up","status":"publish","type":"page","link":"https:\/\/tblcoach.ch\/en\/check-up\/","title":{"rendered":"Check-up"},"content":{"rendered":"\t\t<div data-elementor-type=\"wp-page\" data-elementor-id=\"966\" class=\"elementor elementor-966 elementor-457\" data-elementor-post-type=\"page\">\n\t\t\t\t<div class=\"elementor-element elementor-element-25d441e e-flex e-con-boxed e-con e-parent\" data-id=\"25d441e\" data-element_type=\"container\" data-settings=\"{&quot;background_background&quot;:&quot;classic&quot;}\">\n\t\t\t\t\t<div class=\"e-con-inner\">\n\t\t<div class=\"elementor-element elementor-element-1e55dc5 e-con-full e-flex e-con e-child\" data-id=\"1e55dc5\" data-element_type=\"container\">\n\t\t<div class=\"elementor-element elementor-element-9d4bd14 e-con-full e-flex e-con e-child\" data-id=\"9d4bd14\" data-element_type=\"container\">\n\t\t\t\t<div class=\"elementor-element elementor-element-11b4e12 elementor-widget elementor-widget-heading\" data-id=\"11b4e12\" data-element_type=\"widget\" data-widget_type=\"heading.default\">\n\t\t\t\t<div class=\"elementor-widget-container\">\n\t\t\t<style>\/*! elementor - v3.23.0 - 15-07-2024 *\/\n.elementor-heading-title{padding:0;margin:0;line-height:1}.elementor-widget-heading .elementor-heading-title[class*=elementor-size-]>a{color:inherit;font-size:inherit;line-height:inherit}.elementor-widget-heading .elementor-heading-title.elementor-size-small{font-size:15px}.elementor-widget-heading .elementor-heading-title.elementor-size-medium{font-size:19px}.elementor-widget-heading .elementor-heading-title.elementor-size-large{font-size:29px}.elementor-widget-heading .elementor-heading-title.elementor-size-xl{font-size:39px}.elementor-widget-heading .elementor-heading-title.elementor-size-xxl{font-size:59px}<\/style><h3 class=\"elementor-heading-title elementor-size-default\">REQUEST YOUR <br>FREE CHECK-UP<\/h3>\t\t<\/div>\n\t\t\t\t<\/div>\n\t\t\t\t<div class=\"elementor-element elementor-element-a4e2925 elementor-widget elementor-widget-heading\" data-id=\"a4e2925\" data-element_type=\"widget\" data-widget_type=\"heading.default\">\n\t\t\t\t<div class=\"elementor-widget-container\">\n\t\t\t<h3 class=\"elementor-heading-title elementor-size-default\">A free, no-obligation 30-minute consultation, where we get to know each other better, I answer all your questions, and explain how I can help you in your specific case.<\/h3>\t\t<\/div>\n\t\t\t\t<\/div>\n\t\t\t\t<\/div>\n\t\t<div class=\"elementor-element elementor-element-4e398d0 e-con-full e-flex e-con e-child\" data-id=\"4e398d0\" data-element_type=\"container\">\n\t\t\t\t<div class=\"elementor-element elementor-element-1b76c70 elementor-widget elementor-widget-formidable\" data-id=\"1b76c70\" data-element_type=\"widget\" data-widget_type=\"formidable.default\">\n\t\t\t\t<div class=\"elementor-widget-container\">\n\t\t\t<div class=\"frm_forms  with_frm_style frm_style_stile-di-formidable\" id=\"frm_form_1_container\" >\n<form enctype=\"multipart\/form-data\" method=\"post\" class=\"frm-show-form  frm_pro_form \" id=\"form_contact-form\"  >\n<div class=\"frm_form_fields \">\n<fieldset>\n<legend class=\"frm_screen_reader\">Contact Form<\/legend>\r\n\r\n<div class=\"frm_fields_container\">\n<input type=\"hidden\" name=\"frm_action\" value=\"create\" \/>\n<input type=\"hidden\" name=\"form_id\" value=\"1\" \/>\n<input type=\"hidden\" name=\"frm_hide_fields_1\" id=\"frm_hide_fields_1\" value=\"\" \/>\n<input type=\"hidden\" name=\"form_key\" value=\"contact-form\" \/>\n<input type=\"hidden\" name=\"item_meta[0]\" value=\"\" \/>\n<input type=\"hidden\" id=\"frm_submit_entry_1\" name=\"frm_submit_entry_1\" value=\"f8ae748486\" \/><input type=\"hidden\" name=\"_wp_http_referer\" value=\"\/en\/wp-json\/wp\/v2\/pages\/966\" \/><div id=\"frm_field_1_container\" class=\"frm_form_field form-field  frm_required_field frm_top_container frm_first frm_half\">\r\n    <label for=\"field_qh4icy\" id=\"field_qh4icy_label\" class=\"frm_primary_label\">Name\r\n        <span class=\"frm_required\" aria-hidden=\"true\">*<\/span>\r\n    <\/label>\r\n    <input type=\"text\" id=\"field_qh4icy\" name=\"item_meta[1]\" value=\"\"  data-reqmsg=\"Name cannot be empty.\" aria-required=\"true\" data-invmsg=\"Name non \u00e8 valido\" aria-invalid=\"false\"  \/>\r\n    \r\n    \r\n<\/div>\n<div id=\"frm_field_2_container\" class=\"frm_form_field form-field  frm_required_field frm_top_container frm_half\">\r\n    <label for=\"field_ocfup1\" id=\"field_ocfup1_label\" class=\"frm_primary_label\">Surname\r\n        <span class=\"frm_required\" aria-hidden=\"true\">*<\/span>\r\n    <\/label>\r\n    <input type=\"text\" id=\"field_ocfup1\" name=\"item_meta[2]\" value=\"\"  data-reqmsg=\"Surname cannot be empty.\" aria-required=\"true\" data-invmsg=\"Last non \u00e8 valido\" aria-invalid=\"false\"  \/>\r\n    \r\n    \r\n<\/div>\n<div id=\"frm_field_3_container\" class=\"frm_form_field form-field  frm_required_field frm_top_container frm6 frm_first\">\r\n    <label for=\"field_29yf4d\" id=\"field_29yf4d_label\" class=\"frm_primary_label\">Email\r\n        <span class=\"frm_required\" aria-hidden=\"true\">*<\/span>\r\n    <\/label>\r\n    <input type=\"email\" id=\"field_29yf4d\" name=\"item_meta[3]\" value=\"\"  data-reqmsg=\"Email cannot be empty.\" aria-required=\"true\" data-invmsg=\"Please enter a valid email address\" aria-invalid=\"false\"  \/>\r\n    \r\n    \r\n<\/div>\n<div id=\"frm_field_6_container\" class=\"frm_form_field form-field  frm_required_field frm_top_container frm6\">\r\n    <label for=\"field_o9kdc\" id=\"field_o9kdc_label\" class=\"frm_primary_label\">Phone\r\n        <span class=\"frm_required\" aria-hidden=\"true\">*<\/span>\r\n    <\/label>\r\n    <input type=\"text\" id=\"field_o9kdc\" name=\"item_meta[6]\" value=\"\"  data-reqmsg=\"Phone cannot be empty.\" aria-required=\"true\" data-invmsg=\"Per favore inserisci un numero di telefono valido\" aria-invalid=\"false\"  \/>\r\n    \r\n    \r\n<\/div>\n<div id=\"frm_field_4_container\" class=\"frm_form_field form-field  frm_required_field frm_top_container frm6 frm_first\">\r\n    <label for=\"field_e6lis6\" id=\"field_e6lis6_label\" class=\"frm_primary_label\">City\r\n        <span class=\"frm_required\" aria-hidden=\"true\">*<\/span>\r\n    <\/label>\r\n    <input type=\"text\" id=\"field_e6lis6\" name=\"item_meta[4]\" value=\"\"  data-reqmsg=\"City cannot be empty.\" aria-required=\"true\" data-invmsg=\"Subject non \u00e8 valido\" aria-invalid=\"false\"  \/>\r\n    \r\n    \r\n<\/div>\n<div id=\"frm_field_11_container\" class=\"frm_form_field form-field  frm_required_field frm_top_container frm6\">\r\n    <label for=\"field_7gvul\" id=\"field_7gvul_label\" class=\"frm_primary_label\">Occupation\r\n        <span class=\"frm_required\" aria-hidden=\"true\">*<\/span>\r\n    <\/label>\r\n    <input type=\"text\" id=\"field_7gvul\" name=\"item_meta[11]\" value=\"\"  data-reqmsg=\"Occupation cannot be empty.\" aria-required=\"true\" data-invmsg=\"Subject non \u00e8 valido\" aria-invalid=\"false\"  \/>\r\n    \r\n    \r\n<\/div>\n<div id=\"frm_field_12_container\" class=\"frm_form_field form-field  frm_required_field frm_top_container frm6 frm_first\">\n\t<label for=\"field_cqfr6\" id=\"field_cqfr6_label\" class=\"frm_primary_label\">Age\n\t\t<span class=\"frm_required\" aria-hidden=\"true\">*<\/span>\n\t<\/label>\n\t<input type=\"number\" id=\"field_cqfr6\" name=\"item_meta[12]\" value=\"\"  data-reqmsg=\"Age cannot be empty.\" aria-required=\"true\" data-invmsg=\"Age is not valid\" aria-invalid=\"false\"   min=\"0\" max=\"9999999\" step=\"any\"\/>\n\t\n\t\n<\/div>\n<div id=\"frm_field_10_container\" class=\"frm_form_field form-field  frm_top_container frm6 vertical_radio\">\r\n\t<div  id=\"field_mc2ig_label\" class=\"frm_primary_label\">Are you already practicing Triathlon?\r\n\t\t<span class=\"frm_required\" aria-hidden=\"true\"><\/span>\r\n\t<\/div>\r\n\t<div class=\"frm_opt_container\" aria-labelledby=\"field_mc2ig_label\" role=\"group\">\t\t<div class=\"frm_checkbox\" id=\"frm_checkbox_10-0\"><label for=\"field_mc2ig-0\"><input type=\"checkbox\" name=\"item_meta[10][]\" id=\"field_mc2ig-0\" value=\"Si\"  data-frmlimit=\"1\"  data-invmsg=\"Are you already practicing Triathlon? is invalid\" aria-invalid=\"false\"   \/> Yes<\/label><\/div>\n\t\t<div class=\"frm_checkbox\" id=\"frm_checkbox_10-1\"><label for=\"field_mc2ig-1\"><input type=\"checkbox\" name=\"item_meta[10][]\" id=\"field_mc2ig-1\" value=\"No\"  data-frmlimit=\"1\"  data-invmsg=\"Are you already practicing Triathlon? is invalid\" aria-invalid=\"false\"   \/> No<\/label><\/div>\n<\/div>\r\n\t\r\n\t\r\n<\/div>\n<div id=\"frm_field_5_container\" class=\"frm_form_field form-field  frm_required_field frm_top_container frm_full\">\r\n    <label for=\"field_9jv0r1\" id=\"field_9jv0r1_label\" class=\"frm_primary_label\">Message\r\n        <span class=\"frm_required\" aria-hidden=\"true\">*<\/span>\r\n    <\/label>\r\n    <textarea name=\"item_meta[5]\" id=\"field_9jv0r1\" rows=\"5\"  data-reqmsg=\"Message cannot be empty.\" aria-required=\"true\" data-invmsg=\"Message non \u00e8 valido\" aria-invalid=\"false\"  ><\/textarea>\r\n    \r\n    \r\n<\/div>\n<div id=\"frm_field_8_container\" class=\"frm_form_field form-field  frm_required_field frm_none_container vertical_radio\">\r\n    <div  id=\"field_l83pr_label\" class=\"frm_primary_label\">Privacy Policy\r\n        <span class=\"frm_required\" aria-hidden=\"true\">*<\/span>\r\n    <\/div>\r\n    <div class=\"frm_opt_container\" aria-labelledby=\"field_l83pr_label\" role=\"group\">\t\t<div class=\"frm_checkbox\" id=\"frm_checkbox_8-0\"><label for=\"field_l83pr-0\"><input type=\"checkbox\" name=\"item_meta[8][]\" id=\"field_l83pr-0\" value=\"Ho letto ed accetto l&#039;&lt;a target=&quot;_blank&quot; href=&quot;https:\/\/tblcoach.ch\/privacy\/&quot;&gt;informativa sulla privacy&lt;\/a&gt;.\"  data-reqmsg=\"Privacy Policy cannot be empty.\" data-invmsg=\"Privacy Policy is invalid\" aria-invalid=\"false\"   aria-required=\"true\"  \/> I have read and accept the <a target=\"_blank\" href=\"https:\/\/tblcoach.ch\/en\/privacy\/\">privacy policy<\/a>.<\/label><\/div>\n<\/div>\r\n    \r\n    \r\n<\/div>\n<div id=\"frm_field_13_container\" class=\"frm_form_field form-field  frm_none_container\">\n\t<label for=\"g-recaptcha-response\" id=\"field_d5zl4_label\" class=\"frm_primary_label\">Captcha\n\t\t<span class=\"frm_required\" aria-hidden=\"true\"><\/span>\n\t<\/label>\n\t<div  id=\"field_d5zl4\" class=\"frm-g-recaptcha\" data-sitekey=\"6LfJUj0sAAAAACT3okc1fcaXDo-OM2eMWsjrsh4z\" data-size=\"normal\" data-theme=\"light\"><\/div>\n\t\n\t\n<\/div>\n<div id=\"frm_field_9_container\" class=\"frm_form_field form-field \">\r\n\t<div class=\"frm_submit\">\r\n\r\n<button class=\"frm_button_submit frm_final_submit\" type=\"submit\"   formnovalidate=\"formnovalidate\">\u279c Send<\/button>\r\n\r\n<\/div>\r\n<\/div>\n\t<input type=\"hidden\" name=\"item_key\" value=\"\" \/>\n\t\t\t\t<div class=\"frm__661fbd4dcce60\">\n\t\t\t\t<label for=\"frm_email_1\" >\n\t\t\t\t\tIf you are human, leave this field blank.\t\t\t\t<\/label>\n\t\t\t\t<input  id=\"frm_email_1\" type=\"text\" class=\"frm_verify\" name=\"frm__661fbd4dcce60\" value=\"\" autocomplete=\"off\"  \/>\n\t\t\t<\/div>\n\t\t<input name=\"frm_state\" type=\"hidden\" value=\"uRv\/mU6L3e5LoBZSirVfuAhSTzwH5GhAZz9inJSDdYI=\" \/><\/div>\n<\/fieldset>\n<\/div>\n<\/form>\n<\/div>\n\t\t<\/div>\n\t\t\t\t<\/div>\n\t\t\t\t<\/div>\n\t\t\t\t<\/div>\n\t\t\t\t\t<\/div>\n\t\t\t\t<\/div>\n\t\t<div class=\"elementor-element elementor-element-f64eb45 e-con-full e-flex e-con e-parent\" data-id=\"f64eb45\" data-element_type=\"container\">\n\t\t\t\t<div class=\"elementor-element elementor-element-34794c8 elementor-widget elementor-widget-image\" data-id=\"34794c8\" data-element_type=\"widget\" data-widget_type=\"image.default\">\n\t\t\t\t<div class=\"elementor-widget-container\">\n\t\t\t<style>\/*! elementor - v3.23.0 - 15-07-2024 *\/\n.elementor-widget-image{text-align:center}.elementor-widget-image a{display:inline-block}.elementor-widget-image a img[src$=\".svg\"]{width:48px}.elementor-widget-image img{vertical-align:middle;display:inline-block}<\/style>\t\t\t\t\t\t\t\t\t\t<img fetchpriority=\"high\" decoding=\"async\" width=\"2560\" height=\"1706\" src=\"https:\/\/tblcoach.ch\/wp-content\/uploads\/2024\/07\/Massa-TBL-Ironman-20-scaled.jpg\" class=\"attachment-full size-full wp-image-459\" alt=\"\" srcset=\"https:\/\/tblcoach.ch\/wp-content\/uploads\/2024\/07\/Massa-TBL-Ironman-20-scaled.jpg 2560w, https:\/\/tblcoach.ch\/wp-content\/uploads\/2024\/07\/Massa-TBL-Ironman-20-300x200.jpg 300w, https:\/\/tblcoach.ch\/wp-content\/uploads\/2024\/07\/Massa-TBL-Ironman-20-1024x683.jpg 1024w, https:\/\/tblcoach.ch\/wp-content\/uploads\/2024\/07\/Massa-TBL-Ironman-20-768x512.jpg 768w, https:\/\/tblcoach.ch\/wp-content\/uploads\/2024\/07\/Massa-TBL-Ironman-20-1536x1024.jpg 1536w, https:\/\/tblcoach.ch\/wp-content\/uploads\/2024\/07\/Massa-TBL-Ironman-20-2048x1365.jpg 2048w\" sizes=\"(max-width: 2560px) 100vw, 2560px\" \/>\t\t\t\t\t\t\t\t\t\t\t\t\t<\/div>\n\t\t\t\t<\/div>\n\t\t\t\t<\/div>\n\t\t\t\t<\/div>\n\t\t","protected":false},"excerpt":{"rendered":"<p>REQUEST YOUR FREE CHECK-UP A free, no-obligation 30-minute consultation, where we get to know each other better, I answer all your questions, and explain how I can help you in your specific case. Modulo Contatti Nome * Cognome * Email * Telefono * Citt\u00e0 * Professione * Et\u00e0 * Pratichi gi\u00e0 Triathlon? Si No Messaggio [&hellip;]<\/p>\n","protected":false},"author":2,"featured_media":0,"parent":0,"menu_order":0,"comment_status":"closed","ping_status":"closed","template":"elementor_header_footer","meta":{"_acf_changed":false,"site-sidebar-layout":"no-sidebar","site-content-layout":"page-builder","ast-site-content-layout":"full-width-container","site-content-style":"default","site-sidebar-style":"default","ast-global-header-display":"","ast-banner-title-visibility":"","ast-main-header-display":"","ast-hfb-above-header-display":"","ast-hfb-below-header-display":"","ast-hfb-mobile-header-display":"","site-post-title":"disabled","ast-breadcrumbs-content":"","ast-featured-img":"disabled","footer-sml-layout":"","theme-transparent-header-meta":"","adv-header-id-meta":"","stick-header-meta":"","header-above-stick-meta":"","header-main-stick-meta":"","header-below-stick-meta":"","astra-migrate-meta-layouts":"default","ast-page-background-enabled":"default","ast-page-background-meta":{"desktop":{"background-color":"","background-image":"","background-repeat":"repeat","background-position":"center center","background-size":"auto","background-attachment":"scroll","background-type":"","background-media":"","overlay-type":"","overlay-color":"","overlay-opacity":"","overlay-gradient":""},"tablet":{"background-color":"","background-image":"","background-repeat":"repeat","background-position":"center center","background-size":"auto","background-attachment":"scroll","background-type":"","background-media":"","overlay-type":"","overlay-color":"","overlay-opacity":"","overlay-gradient":""},"mobile":{"background-color":"","background-image":"","background-repeat":"repeat","background-position":"center center","background-size":"auto","background-attachment":"scroll","background-type":"","background-media":"","overlay-type":"","overlay-color":"","overlay-opacity":"","overlay-gradient":""}},"ast-content-background-meta":{"desktop":{"background-color":"var(--ast-global-color-5)","background-image":"","background-repeat":"repeat","background-position":"center center","background-size":"auto","background-attachment":"scroll","background-type":"","background-media":"","overlay-type":"","overlay-color":"","overlay-opacity":"","overlay-gradient":""},"tablet":{"background-color":"var(--ast-global-color-5)","background-image":"","background-repeat":"repeat","background-position":"center center","background-size":"auto","background-attachment":"scroll","background-type":"","background-media":"","overlay-type":"","overlay-color":"","overlay-opacity":"","overlay-gradient":""},"mobile":{"background-color":"var(--ast-global-color-5)","background-image":"","background-repeat":"repeat","background-position":"center center","background-size":"auto","background-attachment":"scroll","background-type":"","background-media":"","overlay-type":"","overlay-color":"","overlay-opacity":"","overlay-gradient":""}},"footnotes":""},"class_list":["post-966","page","type-page","status-publish","hentry"],"acf":[],"yoast_head":"<!-- This site is optimized with the Yoast SEO plugin v21.2 - https:\/\/yoast.com\/wordpress\/plugins\/seo\/ -->\n<title>Check-up - Stefano Massa<\/title>\n<meta name=\"robots\" content=\"index, follow, max-snippet:-1, max-image-preview:large, max-video-preview:-1\" \/>\n<link rel=\"canonical\" href=\"https:\/\/tblcoach.ch\/en\/check-up\/\" \/>\n<meta property=\"og:locale\" content=\"en_US\" \/>\n<meta property=\"og:type\" content=\"article\" \/>\n<meta property=\"og:title\" content=\"Check-up - Stefano Massa\" \/>\n<meta property=\"og:description\" content=\"REQUEST YOUR FREE CHECK-UP A free, no-obligation 30-minute consultation, where we get to know each other better, I answer all your questions, and explain how I can help you in your specific case. Modulo Contatti Nome * Cognome * Email * Telefono * Citt\u00e0 * Professione * Et\u00e0 * Pratichi gi\u00e0 Triathlon? Si No Messaggio [&hellip;]\" \/>\n<meta property=\"og:url\" content=\"https:\/\/tblcoach.ch\/en\/check-up\/\" \/>\n<meta property=\"og:site_name\" content=\"Stefano Massa\" \/>\n<meta property=\"article:publisher\" content=\"https:\/\/www.facebook.com\/stefano.massa.9678\" \/>\n<meta property=\"article:modified_time\" content=\"2024-09-30T10:32:37+00:00\" \/>\n<meta property=\"og:image\" content=\"https:\/\/tblcoach.ch\/wp-content\/uploads\/2024\/07\/Massa-TBL-Ironman-20-scaled.jpg\" \/>\n<meta name=\"twitter:card\" content=\"summary_large_image\" \/>\n<script type=\"application\/ld+json\" class=\"yoast-schema-graph\">{\"@context\":\"https:\/\/schema.org\",\"@graph\":[{\"@type\":\"WebPage\",\"@id\":\"https:\/\/tblcoach.ch\/en\/check-up\/\",\"url\":\"https:\/\/tblcoach.ch\/en\/check-up\/\",\"name\":\"Check-up - Stefano Massa\",\"isPartOf\":{\"@id\":\"https:\/\/tblcoach.ch\/en\/#website\"},\"datePublished\":\"2024-07-22T15:09:53+00:00\",\"dateModified\":\"2024-09-30T10:32:37+00:00\",\"breadcrumb\":{\"@id\":\"https:\/\/tblcoach.ch\/en\/check-up\/#breadcrumb\"},\"inLanguage\":\"en-US\",\"potentialAction\":[{\"@type\":\"ReadAction\",\"target\":[\"https:\/\/tblcoach.ch\/en\/check-up\/\"]}]},{\"@type\":\"BreadcrumbList\",\"@id\":\"https:\/\/tblcoach.ch\/en\/check-up\/#breadcrumb\",\"itemListElement\":[{\"@type\":\"ListItem\",\"position\":1,\"name\":\"Home\",\"item\":\"https:\/\/tblcoach.ch\/en\/\"},{\"@type\":\"ListItem\",\"position\":2,\"name\":\"Check-up\"}]},{\"@type\":\"WebSite\",\"@id\":\"https:\/\/tblcoach.ch\/en\/#website\",\"url\":\"https:\/\/tblcoach.ch\/en\/\",\"name\":\"Stefano Massa\",\"description\":\"Ironman Coach\",\"publisher\":{\"@id\":\"https:\/\/tblcoach.ch\/en\/#organization\"},\"potentialAction\":[{\"@type\":\"SearchAction\",\"target\":{\"@type\":\"EntryPoint\",\"urlTemplate\":\"https:\/\/tblcoach.ch\/en\/?s={search_term_string}\"},\"query-input\":\"required name=search_term_string\"}],\"inLanguage\":\"en-US\"},{\"@type\":\"Organization\",\"@id\":\"https:\/\/tblcoach.ch\/en\/#organization\",\"name\":\"Stefano Massa\",\"url\":\"https:\/\/tblcoach.ch\/en\/\",\"logo\":{\"@type\":\"ImageObject\",\"inLanguage\":\"en-US\",\"@id\":\"https:\/\/tblcoach.ch\/en\/#\/schema\/logo\/image\/\",\"url\":\"https:\/\/tblcoach.ch\/wp-content\/uploads\/2024\/07\/Frame-132.svg\",\"contentUrl\":\"https:\/\/tblcoach.ch\/wp-content\/uploads\/2024\/07\/Frame-132.svg\",\"width\":339,\"height\":206,\"caption\":\"Stefano Massa\"},\"image\":{\"@id\":\"https:\/\/tblcoach.ch\/en\/#\/schema\/logo\/image\/\"},\"sameAs\":[\"https:\/\/www.facebook.com\/stefano.massa.9678\",\"https:\/\/www.instagram.com\/tbl_triathlonbusinesslife\/\",\"https:\/\/www.linkedin.com\/in\/stefano-massa-a87192b8\"]}]}<\/script>\n<!-- \/ Yoast SEO plugin. -->","yoast_head_json":{"title":"Check-up - Stefano Massa","robots":{"index":"index","follow":"follow","max-snippet":"max-snippet:-1","max-image-preview":"max-image-preview:large","max-video-preview":"max-video-preview:-1"},"canonical":"https:\/\/tblcoach.ch\/en\/check-up\/","og_locale":"en_US","og_type":"article","og_title":"Check-up - Stefano Massa","og_description":"REQUEST YOUR FREE CHECK-UP A free, no-obligation 30-minute consultation, where we get to know each other better, I answer all your questions, and explain how I can help you in your specific case. Modulo Contatti Nome * Cognome * Email * Telefono * Citt\u00e0 * Professione * Et\u00e0 * Pratichi gi\u00e0 Triathlon? Si No Messaggio [&hellip;]","og_url":"https:\/\/tblcoach.ch\/en\/check-up\/","og_site_name":"Stefano Massa","article_publisher":"https:\/\/www.facebook.com\/stefano.massa.9678","article_modified_time":"2024-09-30T10:32:37+00:00","og_image":[{"url":"https:\/\/tblcoach.ch\/wp-content\/uploads\/2024\/07\/Massa-TBL-Ironman-20-scaled.jpg"}],"twitter_card":"summary_large_image","schema":{"@context":"https:\/\/schema.org","@graph":[{"@type":"WebPage","@id":"https:\/\/tblcoach.ch\/en\/check-up\/","url":"https:\/\/tblcoach.ch\/en\/check-up\/","name":"Check-up - Stefano Massa","isPartOf":{"@id":"https:\/\/tblcoach.ch\/en\/#website"},"datePublished":"2024-07-22T15:09:53+00:00","dateModified":"2024-09-30T10:32:37+00:00","breadcrumb":{"@id":"https:\/\/tblcoach.ch\/en\/check-up\/#breadcrumb"},"inLanguage":"en-US","potentialAction":[{"@type":"ReadAction","target":["https:\/\/tblcoach.ch\/en\/check-up\/"]}]},{"@type":"BreadcrumbList","@id":"https:\/\/tblcoach.ch\/en\/check-up\/#breadcrumb","itemListElement":[{"@type":"ListItem","position":1,"name":"Home","item":"https:\/\/tblcoach.ch\/en\/"},{"@type":"ListItem","position":2,"name":"Check-up"}]},{"@type":"WebSite","@id":"https:\/\/tblcoach.ch\/en\/#website","url":"https:\/\/tblcoach.ch\/en\/","name":"Stefano Massa","description":"Ironman Coach","publisher":{"@id":"https:\/\/tblcoach.ch\/en\/#organization"},"potentialAction":[{"@type":"SearchAction","target":{"@type":"EntryPoint","urlTemplate":"https:\/\/tblcoach.ch\/en\/?s={search_term_string}"},"query-input":"required name=search_term_string"}],"inLanguage":"en-US"},{"@type":"Organization","@id":"https:\/\/tblcoach.ch\/en\/#organization","name":"Stefano Massa","url":"https:\/\/tblcoach.ch\/en\/","logo":{"@type":"ImageObject","inLanguage":"en-US","@id":"https:\/\/tblcoach.ch\/en\/#\/schema\/logo\/image\/","url":"https:\/\/tblcoach.ch\/wp-content\/uploads\/2024\/07\/Frame-132.svg","contentUrl":"https:\/\/tblcoach.ch\/wp-content\/uploads\/2024\/07\/Frame-132.svg","width":339,"height":206,"caption":"Stefano Massa"},"image":{"@id":"https:\/\/tblcoach.ch\/en\/#\/schema\/logo\/image\/"},"sameAs":["https:\/\/www.facebook.com\/stefano.massa.9678","https:\/\/www.instagram.com\/tbl_triathlonbusinesslife\/","https:\/\/www.linkedin.com\/in\/stefano-massa-a87192b8"]}]}},"_links":{"self":[{"href":"https:\/\/tblcoach.ch\/en\/wp-json\/wp\/v2\/pages\/966"}],"collection":[{"href":"https:\/\/tblcoach.ch\/en\/wp-json\/wp\/v2\/pages"}],"about":[{"href":"https:\/\/tblcoach.ch\/en\/wp-json\/wp\/v2\/types\/page"}],"author":[{"embeddable":true,"href":"https:\/\/tblcoach.ch\/en\/wp-json\/wp\/v2\/users\/2"}],"replies":[{"embeddable":true,"href":"https:\/\/tblcoach.ch\/en\/wp-json\/wp\/v2\/comments?post=966"}],"version-history":[{"count":1,"href":"https:\/\/tblcoach.ch\/en\/wp-json\/wp\/v2\/pages\/966\/revisions"}],"predecessor-version":[{"id":967,"href":"https:\/\/tblcoach.ch\/en\/wp-json\/wp\/v2\/pages\/966\/revisions\/967"}],"wp:attachment":[{"href":"https:\/\/tblcoach.ch\/en\/wp-json\/wp\/v2\/media?parent=966"}],"curies":[{"name":"wp","href":"https:\/\/api.w.org\/{rel}","templated":true}]}}